{"id":71,"date":"2016-10-19T02:59:14","date_gmt":"2016-10-18T19:59:14","guid":{"rendered":"http:\/\/team.vietfriend.info\/?page_id=71"},"modified":"2017-10-13T23:14:43","modified_gmt":"2017-10-13T16:14:43","slug":"my-profile","status":"publish","type":"page","link":"https:\/\/team.vietfriend.info\/en\/","title":{"rendered":"My Profile"},"content":{"rendered":"<p>[vc_row][vc_column]\n\t\t\t<!-- START Slider Primary REVOLUTION SLIDER 6.3.8 --><p class=\"rs-p-wp-fix\"><\/p>\n\t\t\t<rs-module-wrap id=\"rev_slider_4_1_wrapper\" data-source=\"gallery\" style=\"background:#254171;padding:0;margin:0px auto;margin-top:0;margin-bottom:0;\">\n\t\t\t\t<rs-module id=\"rev_slider_4_1\" style=\"\" data-version=\"6.3.8\">\n\t\t\t\t\t<rs-slides>\n\t\t\t\t\t\t<rs-slide data-key=\"rs-13\" data-title=\"Slide\" data-anim=\"ei:d;eo:d;s:600;t:fade;sl:7;\">\n\t\t\t\t\t\t\t<img src=\"\/\/team.vietfriend.info\/wp-content\/uploads\/2016\/10\/bg1.jpg\" title=\"My Profile\" data-parallax=\"5\" class=\"rev-slidebg\" data-no-retina>\n<!--\n\t\t\t\t\t\t\t--><rs-layer\n\t\t\t\t\t\t\t\tid=\"slider-4-slide-13-layer-1\" \n\t\t\t\t\t\t\t\tclass=\"Sports-Display\"\n\t\t\t\t\t\t\t\tdata-type=\"text\"\n\t\t\t\t\t\t\t\tdata-color=\"rgba(255, 255, 255, 1)\"\n\t\t\t\t\t\t\t\tdata-rsp_ch=\"on\"\n\t\t\t\t\t\t\t\tdata-xy=\"x:c;y:m;yo:-170px,-170px,-190px,-180px;\"\n\t\t\t\t\t\t\t\tdata-text=\"s:130,130,130,100;l:130,130,130,100;fw:100;\"\n\t\t\t\t\t\t\t\tdata-frame_0=\"sX:1.5;sY:1.5;tp:600;\"\n\t\t\t\t\t\t\t\tdata-frame_1=\"tp:600;st:750;sp:2000;sR:750;\"\n\t\t\t\t\t\t\t\tdata-frame_999=\"y:100%;tp:600;e:nothing;st:w;sp:1000;sR:6250;\"\n\t\t\t\t\t\t\t\tdata-frame_999_mask=\"u:t;\"\n\t\t\t\t\t\t\t\tstyle=\"z-index:5;font-family:Raleway;letter-spacing:13px;\"\n\t\t\t\t\t\t\t>VIET \n\t\t\t\t\t\t\t<\/rs-layer><!--\n\n\t\t\t\t\t\t\t--><rs-layer\n\t\t\t\t\t\t\t\tid=\"slider-4-slide-13-layer-2\" \n\t\t\t\t\t\t\t\tclass=\"Sports-DisplayFat\"\n\t\t\t\t\t\t\t\tdata-type=\"text\"\n\t\t\t\t\t\t\t\tdata-color=\"rgba(255, 255, 255, 1)\"\n\t\t\t\t\t\t\t\tdata-rsp_ch=\"on\"\n\t\t\t\t\t\t\t\tdata-xy=\"x:c;y:m;yo:-48px,-48px,-68px,-88px;\"\n\t\t\t\t\t\t\t\tdata-text=\"s:130,130,130,100;l:130,130,130,100;fw:900;\"\n\t\t\t\t\t\t\t\tdata-frame_0=\"sX:1.5;sY:1.5;tp:600;\"\n\t\t\t\t\t\t\t\tdata-frame_1=\"tp:600;st:1000;sp:2000;sR:1000;\"\n\t\t\t\t\t\t\t\tdata-frame_999=\"y:100%;tp:600;e:nothing;st:w;sp:1000;sR:6000;\"\n\t\t\t\t\t\t\t\tdata-frame_999_mask=\"u:t;\"\n\t\t\t\t\t\t\t\tstyle=\"z-index:6;font-family:Raleway;\"\n\t\t\t\t\t\t\t>FRIEND \n\t\t\t\t\t\t\t<\/rs-layer><!--\n\n\t\t\t\t\t\t\t--><rs-layer\n\t\t\t\t\t\t\t\tid=\"slider-4-slide-13-layer-3\" \n\t\t\t\t\t\t\t\tdata-type=\"image\"\n\t\t\t\t\t\t\t\tdata-rsp_ch=\"on\"\n\t\t\t\t\t\t\t\tdata-xy=\"x:c;y:m;yo:70px,70px,50px,0;\"\n\t\t\t\t\t\t\t\tdata-text=\"l:22;\"\n\t\t\t\t\t\t\t\tdata-dim=\"w:500px,500px,500px,420px;h:['45px','45px','45px','45px'];\"\n\t\t\t\t\t\t\t\tdata-frame_0=\"sX:0.8;sY:0.8;tp:600;\"\n\t\t\t\t\t\t\t\tdata-frame_1=\"tp:600;st:1250;sp:1500;sR:1250;\"\n\t\t\t\t\t\t\t\tdata-frame_999=\"y:100%;tp:600;e:nothing;st:w;sp:1000;sR:6250;\"\n\t\t\t\t\t\t\t\tdata-frame_999_mask=\"u:t;\"\n\t\t\t\t\t\t\t\tstyle=\"z-index:7;\"\n\t\t\t\t\t\t\t><img src=\"\/\/team.vietfriend.info\/wp-content\/uploads\/revslider\/sports-hero\/sports_sublinebg.png\" width=\"500\" height=\"45\" data-no-retina> \n\t\t\t\t\t\t\t<\/rs-layer><!--\n\n\t\t\t\t\t\t\t--><rs-layer\n\t\t\t\t\t\t\t\tid=\"slider-4-slide-13-layer-4\" \n\t\t\t\t\t\t\t\tclass=\"Sports-Subline\"\n\t\t\t\t\t\t\t\tdata-type=\"text\"\n\t\t\t\t\t\t\t\tdata-color=\"#254171||#254171||rgba(0, 0, 0, 1)||rgba(0, 0, 0, 1)\"\n\t\t\t\t\t\t\t\tdata-rsp_ch=\"on\"\n\t\t\t\t\t\t\t\tdata-xy=\"x:c;y:m;yo:71px,71px,51px,1px;\"\n\t\t\t\t\t\t\t\tdata-text=\"s:30,30,30,25;l:30;\"\n\t\t\t\t\t\t\t\tdata-frame_0=\"o:1;tp:600;\"\n\t\t\t\t\t\t\t\tdata-frame_0_chars=\"d:5;sX:0.8;sY:0.8;o:0;\"\n\t\t\t\t\t\t\t\tdata-frame_1=\"tp:600;e:power4.out;st:1500;sp:1500;sR:1500;\"\n\t\t\t\t\t\t\t\tdata-frame_1_chars=\"d:5;\"\n\t\t\t\t\t\t\t\tdata-frame_999=\"y:100%;tp:600;e:nothing;st:w;sp:1000;sR:5150;\"\n\t\t\t\t\t\t\t\tdata-frame_999_mask=\"u:t;\"\n\t\t\t\t\t\t\t\tstyle=\"z-index:8;font-family:Raleway;letter-spacing:4px;\"\n\t\t\t\t\t\t\t>MASTER OF FUTURE TECH \n\t\t\t\t\t\t\t<\/rs-layer><!--\n\n\t\t\t\t\t\t\t--><rs-layer\n\t\t\t\t\t\t\t\tid=\"slider-4-slide-13-layer-5\" \n\t\t\t\t\t\t\t\tclass=\"MarkerDisplay\"\n\t\t\t\t\t\t\t\tdata-type=\"text\"\n\t\t\t\t\t\t\t\tdata-color=\"rgba(255, 255, 255, 1)\"\n\t\t\t\t\t\t\t\tdata-rsp_ch=\"on\"\n\t\t\t\t\t\t\t\tdata-xy=\"x:c;xo:180px,171px,0,0;y:b;yo:90px,82px,50px,55px;\"\n\t\t\t\t\t\t\t\tdata-text=\"s:15;l:22;\"\n\t\t\t\t\t\t\t\tdata-border=\"bor:0px,0px,30px,30px;\"\n\t\t\t\t\t\t\t\tdata-frame_0=\"y:-30px;o:1;tp:600;\"\n\t\t\t\t\t\t\t\tdata-frame_1=\"tp:600;e:power3.out;st:3500;sp:1500;sR:3500;\"\n\t\t\t\t\t\t\t\tdata-frame_999=\"st:w;sp:1000;sR:4000;auto:true;\"\n\t\t\t\t\t\t\t\tdata-loop_999=\"y:3;sp:2000;e:power3.inOut;yym:t;yys:t;yyf:t;\"\n\t\t\t\t\t\t\t\tstyle=\"z-index:9;font-family:Permanent Marker;text-shadow:none;\"\n\t\t\t\t\t\t\t><i class=\"fa-arrow-up\"><\/i> ONLINE 24\/7 \n\t\t\t\t\t\t\t<\/rs-layer><!--\n\n\t\t\t\t\t\t\t--><rs-layer\n\t\t\t\t\t\t\t\tid=\"slider-4-slide-13-layer-6\" \n\t\t\t\t\t\t\t\tclass=\"rev-btn rev-bordered\"\n\t\t\t\t\t\t\t\tdata-type=\"text\"\n\t\t\t\t\t\t\t\tdata-color=\"rgba(255, 255, 255, 1)\"\n\t\t\t\t\t\t\t\tdata-xy=\"x:c;xo:-180px,-170px,0,0;y:b;yo:120px,110px,145px,140px;\"\n\t\t\t\t\t\t\t\tdata-text=\"s:17;l:17;fw:600;\"\n\t\t\t\t\t\t\t\tdata-actions='o:click;a:simplelink;target:_self;url:#contact;'\n\t\t\t\t\t\t\t\tdata-rsp_o=\"off\"\n\t\t\t\t\t\t\t\tdata-rsp_bd=\"off\"\n\t\t\t\t\t\t\t\tdata-padding=\"t:12;r:35;b:12;l:35;\"\n\t\t\t\t\t\t\t\tdata-border=\"bos:solid;boc:rgba(255, 255, 255, 0.5);bow:2,2,2,2;\"\n\t\t\t\t\t\t\t\tdata-frame_0=\"x:100%;o:1;tp:600;\"\n\t\t\t\t\t\t\t\tdata-frame_0_mask=\"u:t;\"\n\t\t\t\t\t\t\t\tdata-frame_1=\"tp:600;st:2500;sp:1500;sR:2500;\"\n\t\t\t\t\t\t\t\tdata-frame_1_mask=\"u:t;\"\n\t\t\t\t\t\t\t\tdata-frame_999=\"x:100%;tp:600;st:w;sp:1000;sR:5000;\"\n\t\t\t\t\t\t\t\tdata-frame_999_mask=\"u:t;\"\n\t\t\t\t\t\t\t\tdata-frame_hover=\"boc:#fff;bor:0px,0px,0px,0px;bos:solid;bow:2,2,2,2;oX:50;oY:50;sp:500;e:none;\"\n\t\t\t\t\t\t\t\tstyle=\"z-index:10;font-family:Open Sans;letter-spacing:2px;\"\n\t\t\t\t\t\t\t>CONTACT NOW \n\t\t\t\t\t\t\t<\/rs-layer><!--\n\n\t\t\t\t\t\t\t--><rs-layer\n\t\t\t\t\t\t\t\tid=\"slider-4-slide-13-layer-7\" \n\t\t\t\t\t\t\t\tclass=\"rev-btn rev-bordered\"\n\t\t\t\t\t\t\t\tdata-type=\"text\"\n\t\t\t\t\t\t\t\tdata-color=\"rgba(255, 255, 255, 1)\"\n\t\t\t\t\t\t\t\tdata-xy=\"x:c;xo:180px,170px,0,0;y:b;yo:120px,110px,80px,80px;\"\n\t\t\t\t\t\t\t\tdata-text=\"s:17;l:17;fw:600;\"\n\t\t\t\t\t\t\t\tdata-actions='o:click;a:simplelink;target:_self;url:tel:+841668854156;'\n\t\t\t\t\t\t\t\tdata-rsp_o=\"off\"\n\t\t\t\t\t\t\t\tdata-rsp_bd=\"off\"\n\t\t\t\t\t\t\t\tdata-padding=\"t:12;r:35;b:12;l:35;\"\n\t\t\t\t\t\t\t\tdata-border=\"bos:solid;bow:2px,2px,2px,2px;\"\n\t\t\t\t\t\t\t\tdata-frame_0=\"x:-100%;o:1;tp:600;\"\n\t\t\t\t\t\t\t\tdata-frame_0_mask=\"u:t;\"\n\t\t\t\t\t\t\t\tdata-frame_1=\"tp:600;st:2500;sp:1500;sR:2500;\"\n\t\t\t\t\t\t\t\tdata-frame_1_mask=\"u:t;\"\n\t\t\t\t\t\t\t\tdata-frame_999=\"x:-100%;tp:600;st:w;sp:1000;sR:5000;\"\n\t\t\t\t\t\t\t\tdata-frame_999_mask=\"u:t;\"\n\t\t\t\t\t\t\t\tdata-frame_hover=\"bgc:#05192d;boc:#05192d;bor:0px,0px,0px,0px;bos:solid;bow:2,2,2,2;oX:50;oY:50;sp:500;e:none;\"\n\t\t\t\t\t\t\t\tstyle=\"z-index:11;background-color:#eb3b60;font-family:Open Sans;letter-spacing:2px;\"\n\t\t\t\t\t\t\t>CALL ME NOW \n\t\t\t\t\t\t\t<\/rs-layer><!--\n-->\t\t\t\t\t\t<\/rs-slide>\n\t\t\t\t\t<\/rs-slides>\n\t\t\t\t<\/rs-module>\n\t\t\t\t<script type=\"text\/javascript\">\n\t\t\t\t\tsetREVStartSize({c: 'rev_slider_4_1',rl:[1240,1024,778,480],el:[],gw:[1240,1024,778,480],gh:[640,600,640,640],type:'hero',justify:'',layout:'fullwidth',mh:\"0\"});\n\t\t\t\t\tvar\trevapi4,\n\t\t\t\t\t\ttpj;\n\t\t\t\t\tfunction revinit_revslider41() {\n\t\t\t\t\tjQuery(function() {\n\t\t\t\t\t\ttpj = jQuery;\n\t\t\t\t\t\trevapi4 = tpj(\"#rev_slider_4_1\");\n\t\t\t\t\t\tif(revapi4==undefined || revapi4.revolution == undefined){\n\t\t\t\t\t\t\trevslider_showDoubleJqueryError(\"rev_slider_4_1\");\n\t\t\t\t\t\t}else{\n\t\t\t\t\t\t\trevapi4.revolution({\n\t\t\t\t\t\t\t\tsliderType:\"hero\",\n\t\t\t\t\t\t\t\tsliderLayout:\"fullwidth\",\n\t\t\t\t\t\t\t\tvisibilityLevels:\"1240,1024,778,480\",\n\t\t\t\t\t\t\t\tgridwidth:\"1240,1024,778,480\",\n\t\t\t\t\t\t\t\tgridheight:\"640,600,640,640\",\n\t\t\t\t\t\t\t\tperspectiveType:\"local\",\n\t\t\t\t\t\t\t\tresponsiveLevels:\"1240,1024,778,480\",\n\t\t\t\t\t\t\t\tprogressBar:{disableProgressBar:true},\n\t\t\t\t\t\t\t\tnavigation: {\n\t\t\t\t\t\t\t\t\tonHoverStop:false\n\t\t\t\t\t\t\t\t},\n\t\t\t\t\t\t\t\tparallax: {\n\t\t\t\t\t\t\t\t\tlevels:[5,10,15,20,25,30,35,40,45,50,47,48,49,50,51,55],\n\t\t\t\t\t\t\t\t\ttype:\"scroll\"\n\t\t\t\t\t\t\t\t},\n\t\t\t\t\t\t\t\tfallbacks: {\n\t\t\t\t\t\t\t\t\tallowHTML5AutoPlayOnAndroid:true\n\t\t\t\t\t\t\t\t},\n\t\t\t\t\t\t\t});\n\t\t\t\t\t\t}\n\t\t\t\t\t\t\n\t\t\t\t\t});\n\t\t\t\t\t} \/\/ End of RevInitScript\n\t\t\t\tvar once_revslider41 = false;\n\t\t\t\tif (document.readyState === \"loading\") {document.addEventListener('readystatechange',function() { if((document.readyState === \"interactive\" || document.readyState === \"complete\") && !once_revslider41 ) { once_revslider41 = true; revinit_revslider41();}});} else {once_revslider41 = true; revinit_revslider41();}\n\t\t\t\t<\/script>\n\t\t\t<\/rs-module-wrap>\n\t\t\t<!-- END REVOLUTION SLIDER -->\n[\/vc_column][\/vc_row][vc_row el_id=&#8221;about&#8221; css=&#8221;.vc_custom_1468893132396{padding-top: 50px !important;padding-bottom: 50px !important;}&#8221;][vc_column]<div class=\"headline\">\n            <p><span>WHO AM I?<\/span><\/p>\n            <h2>MY PROFILE<\/h2>\n          <\/div>[vc_row_inner][vc_column_inner width=&#8221;5\/12&#8243; offset=&#8221;vc_col-lg-3 vc_col-md-3&#8243;][vc_single_image image=&#8221;35&#8243; img_size=&#8221;full&#8221; alignment=&#8221;center&#8221; css_animation=&#8221;left-to-right&#8221;][\/vc_column_inner][vc_column_inner el_class=&#8221;col-md-push-5&#8243; width=&#8221;1\/2&#8243; offset=&#8221;vc_col-lg-offset-0 vc_col-lg-4 vc_col-md-offset-0 vc_col-md-4 vc_col-sm-offset-1&#8243;]<div class=\"personal-info wpb_animate_when_almost_visible wpb_right-to-left\">\n            <span  class=\"title\">NAME<\/span>\n            <span class=\"value\">Hoang Nghia<\/span>\n          <\/div><div class=\"personal-info wpb_animate_when_almost_visible wpb_right-to-left\">\n            <span  class=\"title\">AGE<\/span>\n            <span class=\"value\">25<\/span>\n          <\/div><div class=\"personal-info wpb_animate_when_almost_visible wpb_right-to-left\">\n            <span  class=\"title\">HOMETOWN<\/span>\n            <span class=\"value\">Nghe An province, Viet Nam<\/span>\n          <\/div><div class=\"personal-info wpb_animate_when_almost_visible wpb_right-to-left\">\n            <span  class=\"title\">ADDRESS<\/span>\n            <span class=\"value\">Ha Dong district, Ha Noi city, Viet Nam<\/span>\n          <\/div><div class=\"personal-info wpb_animate_when_almost_visible wpb_right-to-left\">\n            <span  class=\"title\">LANGUAGE<\/span>\n            <span class=\"value\">English, Japanese<\/span>\n          <\/div><div class=\"personal-info wpb_animate_when_almost_visible wpb_right-to-left\">\n            <span  class=\"title\">E-MAIL<\/span>\n            <span class=\"value\"><a href=\"mailto:nghiahoang.webdesign@gmail.com\">nghiahoang.webdesign@gmail.com<\/a><\/span>\n          <\/div><div class=\"personal-info wpb_animate_when_almost_visible wpb_right-to-left\">\n            <span  class=\"title\">PHONE<\/span>\n            <span class=\"value\"><a href=\"tel:+841668854156\">+84 166 88 54 156<\/a><\/span>\n          <\/div>[\/vc_column_inner][vc_column_inner el_class=&#8221;col-md-pull-4&#8243; offset=&#8221;vc_col-lg-5 vc_col-md-5&#8243;][vc_column_text css_animation=&#8221;appear&#8221; css=&#8221;.vc_custom_1507820087440{margin-top: -10px !important;margin-bottom: 20px !important;}&#8221;]<\/p>\n<h3>Webdesigner, Webdeveloper &amp; Graphic Designer<\/h3>\n<p style=\"text-align: justify;\">Graduated with a passion for IT, dreamed of Da Nang University of Technology but failed, I &#8220;rely on&#8221; Hue University of Foreign Languages. Years of study here I constantly try to explore, learn and develop my design and programming capabilities. After graduating from Hue language I want &#8220;specialized&#8221; skills that should have participated in courses International Programmer at Hue-Aptech. While studying at the center I have joined two companies Webmely and VINAAS with the position as Webdesigner, webdeveloper, Graphic Designer &#8230; From what I have achieved so far, I believe will bring satisfaction to all customers.<\/p>\n<p>[\/vc_column_text]<div class=\"nav wpb_animate_when_almost_visible wpb_bottom-to-top\"><ul>\r\n      <li>\r\n        <a class=\"fa fa-facebook\" href=\"https:\/\/fb.me\/nghiahoang.webdesign\" target=\"_blank\"><\/a>\r\n      <\/li>\r\n      <li>\r\n        <a class=\"fa fa-linkedin\" href=\"https:\/\/www.linkedin.com\/in\/nghiahoang-webdesign\/\" target=\"_blank\"><\/a>\r\n      <\/li>\r\n      <li>\r\n        <a class=\"fa fa-twitter\" href=\"https:\/\/twitter.com\/onidesigner\" target=\"_blank\"><\/a>\r\n      <\/li><\/ul><\/div>[\/vc_column_inner][\/vc_row_inner][\/vc_column][\/vc_row][vc_row full_width=&#8221;stretch_row&#8221; css=&#8221;.vc_custom_1476868521826{padding-top: 50px !important;padding-bottom: 50px !important;background: #e9ebee url(http:\/\/team.vietfriend.info\/wp-content\/uploads\/2016\/10\/pattern22.png?id=36) !important;background-position: 0 0 !important;background-repeat: repeat !important;}&#8221; el_id=&#8221;timeline&#8221; el_class=&#8221;vf_fixed_background&#8221;][vc_column][vc_row_inner][vc_column_inner offset=&#8221;vc_col-lg-10 vc_col-md-12&#8243;]<div class=\"headline\">\n            <p><span>WHAT I DID BEFORE?<\/span><\/p>\n            <h2>EXPERIENCE<\/h2>\n          <\/div>[\/vc_column_inner][\/vc_row_inner]<p>No posts found.<\/p>[\/vc_column][\/vc_row][vc_row el_id=&#8221;project&#8221; css=&#8221;.vc_custom_1468893150537{padding-top: 50px !important;padding-bottom: 50px !important;}&#8221;][vc_column]<div class=\"headline\">\n            <p><span>WATCH MY WORKS<\/span><\/p>\n            <h2>PROJECTS<\/h2>\n          <\/div><p>No posts found.<\/p>[\/vc_column][\/vc_row][vc_row full_width=&#8221;stretch_row&#8221; el_class=&#8221;vf_fixed_background&#8221; css=&#8221;.vc_custom_1507576339360{padding-top: 50px !important;padding-bottom: 50px !important;background-image: url(http:\/\/team.vietfriend.info\/wp-content\/uploads\/2016\/10\/contact-form-background.png?id=7) !important;background-position: center !important;background-repeat: no-repeat !important;background-size: cover !important;}&#8221; el_id=&#8221;advantage&#8221;][vc_column][vc_row_inner][vc_column_inner el_class=&#8221;bg-dark&#8221; width=&#8221;1\/2&#8243;][vc_column_text css_animation=&#8221;left-to-right&#8221;]<\/p>\n<h2>STRENGTHS<\/h2>\n<h3>Value yourself making a difference&#8230;<\/h3>\n<p>&nbsp;<\/p>\n<p><img loading=\"lazy\" class=\"alignnone size-full wp-image-178\" src=\"http:\/\/team.vietfriend.info\/wp-content\/uploads\/2016\/10\/check-service.png\" alt=\"check-service\" width=\"23\" height=\"19\" \/>\u00a0 Professional working style, good presentation skills<\/p>\n<p><img loading=\"lazy\" class=\"alignnone size-full wp-image-178\" src=\"http:\/\/team.vietfriend.info\/wp-content\/uploads\/2016\/10\/check-service.png\" alt=\"check-service\" width=\"23\" height=\"19\" \/>\u00a0 Fast access to new technology, new ways of thinking<\/p>\n<p><img loading=\"lazy\" class=\"alignnone size-full wp-image-178\" src=\"http:\/\/team.vietfriend.info\/wp-content\/uploads\/2016\/10\/check-service.png\" alt=\"check-service\" width=\"23\" height=\"19\" \/>\u00a0 Able to work in a high pressure environment<\/p>\n<p><img loading=\"lazy\" class=\"alignnone size-full wp-image-178\" src=\"http:\/\/team.vietfriend.info\/wp-content\/uploads\/2016\/10\/check-service.png\" alt=\"check-service\" width=\"23\" height=\"19\" \/>\u00a0 Ability to work in teams, to work independently<\/p>\n<p><img loading=\"lazy\" class=\"alignnone size-full wp-image-178\" src=\"http:\/\/team.vietfriend.info\/wp-content\/uploads\/2016\/10\/check-service.png\" alt=\"check-service\" width=\"23\" height=\"19\" \/>\u00a0 High sense of responsibility towards work<\/p>\n<p><img loading=\"lazy\" class=\"alignnone size-full wp-image-178\" src=\"http:\/\/team.vietfriend.info\/wp-content\/uploads\/2016\/10\/check-service.png\" alt=\"check-service\" width=\"23\" height=\"19\" \/>\u00a0 Always creative and constantly learning[\/vc_column_text][\/vc_column_inner][vc_column_inner width=&#8221;1\/2&#8243;][vc_single_image image=&#8221;11&#8243; img_size=&#8221;full&#8221; alignment=&#8221;center&#8221; css_animation=&#8221;appear&#8221;][\/vc_column_inner][\/vc_row_inner][\/vc_column][\/vc_row][vc_row full_width=&#8221;stretch_row&#8221; el_id=&#8221;objective&#8221; css=&#8221;.vc_custom_1476529067205{padding-top: 50px !important;padding-bottom: 50px !important;}&#8221;][vc_column]<div class=\"headline\">\n            <p><span>WHAT DO I REALLY WANT?<\/span><\/p>\n            <h2>OBJECTIVES<\/h2>\n          <\/div><div id=\"pencil\">\n            <div class=\"pencil__wrapper\">\n              <div class=\"rubber\"><\/div>\n              <div class=\"metal-holder\"><\/div>\n              <div class=\"body color-pencil-1\">\n                <div class=\"message zoomIn wow animated\">\n                  <h3>Ph\u00e1t tri\u1ec3n k\u1ef9 n\u0103ng<\/h3>\n                  Ph\u00e1t huy, r\u00e8n luy\u1ec7n c\u00e1c k\u1ef9 n\u0103ng v\u1ec1 Front-end \u0111\u1ec3 kh\u1eb3ng \u0111\u1ecbnh \u0111\u01b0\u1ee3c th\u1ebf m\u1ea1nh c\u1ee7a b\u1ea3n th\u00e2n m\u00ecnh.\n                <\/div>\n              <\/div>\n              <div class=\"body color-pencil-2\">\n                <div class=\"message zoomIn wow animated\">\n                  <h3>B\u1ed5 sung ki\u1ebfn th\u1ee9c<\/h3>\n                  H\u1ecdc h\u1ecfi nh\u1eefng ki\u1ebfn th\u1ee9c c\u1ea7n thi\u1ebft cho c\u00f4ng vi\u1ec7c n\u00f3i chung, c\u0169ng nh\u01b0 Front-end n\u00f3i ri\u00eang.\n                <\/div>\n              <\/div>\n              <div class=\"body color-pencil-3\">\n                <div class=\"message zoomIn wow animated\">\n                  <h3>C\u00f3 d\u1ef1 \u00e1n ho\u00e0n h\u1ea3o<\/h3>\n                  T\u1ea1o ra \u0111\u01b0\u1ee3c nh\u1eefng d\u1ef1 \u00e1n t\u1ea7m c\u1ee1 \u0111\u1ec3 \u0111\u00e1p \u1ee9ng y\u00eau c\u1ea7u c\u1ee7a kh\u00e1ch h\u00e0ng trong v\u00e0 ngo\u00e0i n\u01b0\u1edbc.\n                <\/div>\n              <\/div>\n              <div class=\"body color-pencil-4\">\n                <div class=\"message zoomIn wow animated\">\n                  <h3>C\u01a1 h\u1ed9i th\u0103ng ti\u1ebfn<\/h3>\n                  \u1ed4n \u0111\u1ecbnh cu\u1ed9c s\u1ed1ng, d\u01b0 d\u1ea3 t\u00edch g\u00f3p cho t\u01b0\u01a1ng lai..\n                <\/div>\n              <\/div>\n              <div class=\"nib\"><\/div>\n            <\/div>\n          <\/div>[\/vc_column][\/vc_row][vc_row full_width=&#8221;stretch_row&#8221; css=&#8221;.vc_custom_1507577234675{margin-bottom: -30px !important;padding-top: 50px !important;padding-bottom: 50px !important;background-image: url(http:\/\/team.vietfriend.info\/wp-content\/uploads\/2016\/10\/hanoi.jpg?id=124) !important;background-position: center !important;background-repeat: no-repeat !important;background-size: cover !important;}&#8221; el_id=&#8221;contact&#8221; el_class=&#8221;vf_fixed_background&#8221;][vc_column][vc_row_inner css=&#8221;.vc_custom_1507623696234{padding-top: 0px !important;padding-bottom: 20px !important;background-color: rgba(10,2,2,0.38) !important;*background-color: rgb(10,2,2) !important;}&#8221;][vc_column_inner width=&#8221;5\/12&#8243; offset=&#8221;vc_col-lg-offset-1 vc_col-lg-4&#8243;][vc_column_text css=&#8221;.vc_custom_1507820227825{padding-top: 20px !important;}&#8221;]<\/p>\n<p style=\"text-align: right;\">Thank you for taking precious time to see this Resume. You can contact me right in the form on the right, or by phone number, email address right at the bottom. I look forward to receiving a suggestion or feedback from you &#8230;<\/p>\n<p style=\"text-align: right;\"><em>Trieu Khuc &#8211; Tan Trieu &#8211; Thanh Tri<\/em><br \/>\n<em>Ha Noi city, Vi\u1ec7t Nam<\/em><\/p>\n<p style=\"text-align: right;\"><a href=\"mailto:nghiahoang.webdesign@gmail.com\">nghiahoang.webdesign@gmail.com<\/a><br \/>\n<a href=\"tel:+841668854156\">+84.166.88.54.156<\/a><\/p>\n<p>[\/vc_column_text][\/vc_column_inner][vc_column_inner width=&#8221;7\/12&#8243; offset=&#8221;vc_col-lg-6&#8243;]<div role=\"form\" class=\"wpcf7\" id=\"wpcf7-f165-o1\" lang=\"vi\" dir=\"ltr\">\n<div class=\"screen-reader-response\"><\/div>\n<form action=\"\/en\/wp-json\/wp\/v2\/pages\/71#wpcf7-f165-o1\" method=\"post\" class=\"wpcf7-form\" enctype=\"multipart\/form-data\" novalidate=\"novalidate\">\n<div style=\"display: none;\">\n<input type=\"hidden\" name=\"_wpcf7\" value=\"165\" \/>\n<input type=\"hidden\" name=\"_wpcf7_version\" value=\"5.1.4\" \/>\n<input type=\"hidden\" name=\"_wpcf7_locale\" value=\"vi\" \/>\n<input type=\"hidden\" name=\"_wpcf7_unit_tag\" value=\"wpcf7-f165-o1\" \/>\n<input type=\"hidden\" name=\"_wpcf7_container_post\" value=\"0\" \/>\n<input type=\"hidden\" name=\"g-recaptcha-response\" value=\"\" \/>\n<\/div>\n<div class=\"contact-form\">\n<div class=\"row\">\n<div class=\"col-xs-12 col-sm-6 col-md-6 col-lg-6\">\n<div class=\"form-group\">\n      <span class=\"wpcf7-form-control-wrap your-name\"><input type=\"text\" name=\"your-name\" value=\"\" size=\"40\" class=\"wpcf7-form-control wpcf7-text wpcf7-validates-as-required form-control\" aria-required=\"true\" aria-invalid=\"false\" placeholder=\"Your Name\" \/><\/span>\n    <\/div><\/div>\n<div class=\"col-xs-12 col-sm-6 col-md-6 col-lg-6\">\n<div class=\"form-group\">\n      <span class=\"wpcf7-form-control-wrap your-email\"><input type=\"email\" name=\"your-email\" value=\"\" size=\"40\" class=\"wpcf7-form-control wpcf7-text wpcf7-email wpcf7-validates-as-required wpcf7-validates-as-email form-control\" aria-required=\"true\" aria-invalid=\"false\" placeholder=\"Email Address\" \/><\/span>\n    <\/div><\/div>\n<div class=\"col-xs-12 col-sm-12 col-md-12 col-lg-12\">\n<div class=\"form-group\">\n      <span class=\"wpcf7-form-control-wrap your-subject\"><input type=\"text\" name=\"your-subject\" value=\"\" size=\"40\" class=\"wpcf7-form-control wpcf7-text form-control\" aria-invalid=\"false\" placeholder=\"The subject you want to say\" \/><\/span>\n    <\/div><\/div>\n<div class=\"col-xs-12 col-sm-12 col-md-12 col-lg-12\">\n<div class=\"form-group\">\n      <span class=\"wpcf7-form-control-wrap your-message\"><textarea name=\"your-message\" cols=\"40\" rows=\"5\" class=\"wpcf7-form-control wpcf7-textarea form-control\" aria-invalid=\"false\" placeholder=\"What message do you want to send me?\"><\/textarea><\/span>\n    <\/div><\/div>\n<div class=\"col-xs-12 col-sm-12 col-md-12 col-lg-12\">\n<div class=\"form-group file-container\" style=\"width: 250px;overflow: hidden;\"><span class=\"wpcf7-form-control-wrap your-file\"><input type=\"file\" name=\"your-file\" size=\"40\" class=\"wpcf7-form-control wpcf7-file file\" accept=\".jpg,.png,.gif,.doc,.docx,.pdf,.txt\" aria-invalid=\"false\" \/><\/span><\/div>\n<div class=\"form-group captcha-container\">\n\n<\/div>\n<div class=\"form-group\"><input type=\"submit\" value=\"Done, send now!\" class=\"wpcf7-form-control wpcf7-submit btn btn-danger\" \/><\/div><\/div>\n<\/div>\n<\/div>\n<p><script type=\"text\/javascript\">\njQuery(document).ready(function($) {\n  $(\".file\").fileinput({\n   showUpload: false,\n   showCaption: false,\n   showPreview: false,\n  });\n});\n<\/script><\/p>\n<div class=\"wpcf7-response-output wpcf7-display-none\"><\/div><\/form><\/div>[\/vc_column_inner][\/vc_row_inner][\/vc_column][\/vc_row]<\/p>\n","protected":false},"excerpt":{"rendered":"<p>[vc_row][vc_column][\/vc_column][\/vc_row][vc_row el_id=&#8221;about&#8221; css=&#8221;.vc_custom_1468893132396{padding-top: 50px !important;padding-bottom: 50px !important;}&#8221;][vc_column][vc_row_inner][vc_column_inner width=&#8221;5\/12&#8243; offset=&#8221;vc_col-lg-3 vc_col-md-3&#8243;][vc_single_image image=&#8221;35&#8243; img_size=&#8221;full&#8221; alignment=&#8221;center&#8221; css_animation=&#8221;left-to-right&#8221;][\/vc_column_inner][vc_column_inner el_class=&#8221;col-md-push-5&#8243; width=&#8221;1\/2&#8243; offset=&#8221;vc_col-lg-offset-0 vc_col-lg-4 vc_col-md-offset-0 vc_col-md-4 vc_col-sm-offset-1&#8243;][\/vc_column_inner][vc_column_inner el_class=&#8221;col-md-pull-4&#8243; offset=&#8221;vc_col-lg-5 vc_col-md-5&#8243;][vc_column_text css_animation=&#8221;appear&#8221; css=&#8221;.vc_custom_1507820087440{margin-top: -10px !important;margin-bottom: 20px !important;}&#8221;] Webdesigner, Webdeveloper &amp; Graphic Designer Graduated with a passion for [&hellip;]<\/p>\n","protected":false},"author":1,"featured_media":0,"parent":0,"menu_order":0,"comment_status":"closed","ping_status":"closed","template":"","meta":[],"yst_prominent_words":[],"_links":{"self":[{"href":"https:\/\/team.vietfriend.info\/en\/wp-json\/wp\/v2\/pages\/71"}],"collection":[{"href":"https:\/\/team.vietfriend.info\/en\/wp-json\/wp\/v2\/pages"}],"about":[{"href":"https:\/\/team.vietfriend.info\/en\/wp-json\/wp\/v2\/types\/page"}],"author":[{"embeddable":true,"href":"https:\/\/team.vietfriend.info\/en\/wp-json\/wp\/v2\/users\/1"}],"replies":[{"embeddable":true,"href":"https:\/\/team.vietfriend.info\/en\/wp-json\/wp\/v2\/comments?post=71"}],"version-history":[{"count":0,"href":"https:\/\/team.vietfriend.info\/en\/wp-json\/wp\/v2\/pages\/71\/revisions"}],"wp:attachment":[{"href":"https:\/\/team.vietfriend.info\/en\/wp-json\/wp\/v2\/media?parent=71"}],"wp:term":[{"taxonomy":"yst_prominent_words","embeddable":true,"href":"https:\/\/team.vietfriend.info\/en\/wp-json\/wp\/v2\/yst_prominent_words?post=71"}],"curies":[{"name":"wp","href":"https:\/\/api.w.org\/{rel}","templated":true}]}}